{"id":10423,"date":"2023-11-02T15:41:07","date_gmt":"2023-11-02T15:41:07","guid":{"rendered":"https:\/\/www.kompetenznetz-multiplesklerose.de\/imprint\/"},"modified":"2025-12-16T09:13:17","modified_gmt":"2025-12-16T09:13:17","slug":"imprint","status":"publish","type":"page","link":"https:\/\/www.kompetenznetz-multiplesklerose.de\/en\/imprint\/","title":{"rendered":"Imprint"},"content":{"rendered":"\n<div class=\"wp-block-group has-white-background-color has-background has-global-padding is-layout-constrained wp-container-core-group-is-layout-db32e940 wp-block-group-is-layout-constrained\" style=\"border-radius:10px;padding-top:var(--wp--preset--spacing--60);padding-right:var(--wp--preset--spacing--60);padding-bottom:var(--wp--preset--spacing--60);padding-left:var(--wp--preset--spacing--60)\">\n<div class=\"wp-block-columns is-layout-flex wp-container-core-columns-is-layout-d0b3c9c8 wp-block-columns-is-layout-flex\">\n<div class=\"wp-block-column is-layout-flow wp-block-column-is-layout-flow\" style=\"flex-basis:25%\"><\/div>\n\n\n\n<div class=\"wp-block-column is-layout-flow wp-block-column-is-layout-flow\" style=\"flex-basis:75%\">\n<h2 class=\"wp-block-heading\"><strong>Publisher<\/strong><\/h2>\n\n\n\n<p class=\"has-black-color has-text-color has-link-color wp-elements-1e5b97aba207903a898943346956eb6e\">Krankheitsbezogenes Kompetenznetz Multiple Sklerose e.V.<br\/>Head office: <br\/>KKNMS e. V.<br\/>M\u00fcnster University Hospital<br\/>Niels-Stensen-Str. 12<br\/>48149 M\u00fcnster<br\/>E-mail: info@kkn-ms.de <\/p>\n\n\n\n<p><strong>KKNMS e.V.<\/strong><br\/>Munich Local Court VR 203073<\/p>\n\n\n\n<p><strong>Responsible<\/strong><br\/>Prof. Dr. Ralf Linker, Regensburg (Spokesman of the Executive Board)<\/p>\n\n\n\n<p><strong>Head of the office<br\/><\/strong>Dr. Zo\u00eb Hunter<\/p>\n\n\n\n<p><strong>Design<\/strong><br\/>dietrabanten, B\u00fcro f\u00fcr Kommunikationsdesign, Asamstr. 8, 81541 Munich<br\/>Internet: <a href=\"https:\/\/www.dietrabanten.de\" target=\"_blank\" rel=\"noreferrer noopener\">www.dietrabanten.de<\/a><\/p>\n\n\n\n<p><strong>Realization<\/strong><br\/>WOOMERA Web &amp; Video, Urbanstr. 174, 10961 Berlin<br\/>Internet: <a href=\"https:\/\/www.woomera.de\" data-type=\"link\" data-id=\"https:\/\/www.woomera.de\" target=\"_blank\" rel=\"noreferrer noopener\">www.woomera.de<\/a><\/p>\n\n\n\n<p>The technical articles on this website have been compiled by medical experts and are aimed at patients and their relatives, the interested public, doctors, medical professionals and the media.<\/p>\n\n\n\n<p>The website offers information on the clinical picture, diagnosis and treatment of multiple sclerosis, presents current research projects and results and provides contacts to self-help associations, advice centers and medical services for MS patients.<\/p>\n\n\n\n<p>The Multiple Sclerosis Competence Network is supported by donations. The aim is to improve the care situation for children and adults with multiple sclerosis.<\/p>\n\n\n\n<h2 class=\"wp-block-heading\">Legal information<\/h2>\n\n\n\n<p class=\"has-black-color has-text-color has-link-color wp-elements-e490902c8536af6aa686719b7b4a6e2d\"><strong>1. disclaimer<br\/><\/strong>Medical knowledge is subject to continuous change through research and clinical experience. Authors and experts take great care to present factual information in an understandable form. Under no circumstances does the information provided by the Disease-Related Competence Network Multiple Sclerosis replace a personal examination or diagnosis by a doctor. Liability for content provided by the operators of this site and for contributions by authors and experts is therefore excluded, except in the case of deliberate or grossly negligent misinformation. The same applies to retrievable third-party content to which only a link is created. All offers are subject to change and non-binding. The author expressly reserves the right to change, supplement or delete parts of the pages or the entire offer without prior notice or to cease publication temporarily or permanently.<\/p>\n\n\n\n<p><strong>2. references and links<br\/><\/strong>The author accepts no liability for direct or indirect references to external websites (&#8220;hyperlinks&#8221;) that lie outside the author&#8217;s area of responsibility. The author hereby expressly declares that at the time the links were created, no illegal content was recognizable on the linked pages. The author has no influence whatsoever on the current and future design, content or authorship of the linked pages. He therefore expressly distances himself from all contents of all linked pages that were changed after the link was created. This statement applies to all links and references set within our own website. For illegal, incorrect or incomplete contents and in particular for damages resulting from the use or non-use of such information, only the provider of the page to which reference is made is liable, not the person who merely refers to the respective publication via links. We check the links regularly. Information on possible legal violations is welcome.<\/p>\n\n\n\n<p><strong>3. copyrights<br\/><\/strong>All texts, images and the layout of these pages are protected worldwide by copyright. The use of the contents of this website for private purposes is permitted. The use of the texts for other purposes requires the permission of the person responsible for this website. The product names or company names mentioned on this website are the property of their respective owners and as such are subject to legal trademark, brand and\/or patent protection. A right of reply only applies within the meaning of \u00a756 RStV.<\/p>\n\n\n\n<p>Image sources:<\/p>\n\n\n\n<ul class=\"wp-block-list\">\n<li>adobe stock | Corona vaccine Vaccine in front of white background | Steffen K\u00f6gler<\/li>\n\n\n\n<li>adobe stock | Future-ready physician: doctor embraces technology to enhance scan interpretation, back view | Emiliia<\/li>\n\n\n\n<li>adobe stock | Medical research in a professional laboratory | StockPhotoPro<\/li>\n\n\n\n<li>adobe stock | Female speaker giving a talk on corporate business conference. Unrecognizable people in audience at conference hall. Business and Entrepreneurship event | kasto<\/li>\n\n\n\n<li>adobe stock | Close up mature doctor therapist holding pink piggy bank | fizkes<\/li>\n\n\n\n<li>adobe stock | Doctors with X-ray image | pix4U<\/li>\n\n\n\n<li>adobe stock | Female researcher carrying out scientific research in a lab | Meow Creations<\/li>\n\n\n\n<li>adobe stock | Shot of a doctor showing a patient some information on a digital tablet | bongkarn<\/li>\n\n\n\n<li>adobe stock | Clinical study. Doctor holds virtual letter with text and an interface. Medicine in the future | MQ-Illustrations<\/li>\n\n\n\n<li>adobe stock | Healthcare technology, Medical revolution and the advance of technology Artificial Intelligence | ipopba<\/li>\n\n\n\n<li>adobe stock | Team of Professional Scientists Work in the Brain Research Laboratory | Gorodenkoff<\/li>\n\n\n\n<li>adobe stock | Vector map of regions of Germany: martinova4<\/li>\n\n\n\n<li>istockphoto | IPhone 14 Pro screen mockup. Cell phone mockup | valiantsin suprunovich<\/li>\n\n\n\n<li>adobe stock | Brain activity and health scan illustration | ParinApril<\/li>\n\n\n\n<li>adobe stock | Close-up image of embryonic stem cells. Cell propagation, cell therapy. Medicine, technology concept | Alina Tymofieieva<\/li>\n\n\n\n<li>adobe stock | The nerve cell in 3d computer graphics | hakule<\/li>\n<\/ul>\n\n\n\n<div style=\"height:50px\" aria-hidden=\"true\" class=\"wp-block-spacer\"><\/div>\n\n\n\n<p><strong>4. severability clause<br\/><\/strong>If one of the above clauses\/provisions is invalid in whole or in part due to statutory provisions, regulations or amendments to the law, all other provisions shall remain unaffected and shall continue to apply in full.<\/p>\n\n\n\n<div style=\"height:100px\" aria-hidden=\"true\" class=\"wp-block-spacer\"><\/div>\n<\/div>\n<\/div>\n<\/div>\n","protected":false},"excerpt":{"rendered":"<p>Publisher Krankheitsbezogenes Kompetenznetz Multiple Sklerose e.V.Head office: KKNMS e. V.M\u00fcnster University HospitalNiels-Stensen-Str. 1248149 M\u00fcnsterE-mail: info@kkn-ms.de KKNMS e.V.Munich Local Court VR 203073 ResponsibleProf. Dr. Ralf Linker, Regensburg (Spokesman of the Executive Board) Head of the officeDr. Zo\u00eb Hunter Designdietrabanten, B\u00fcro f\u00fcr Kommunikationsdesign, Asamstr. 8, 81541 MunichInternet: www.dietrabanten.de RealizationWOOMERA Web &amp; Video, Urbanstr. 174, 10961 BerlinInternet: www.woomera.de [&hellip;]<\/p>\n","protected":false},"author":1,"featured_media":0,"parent":0,"menu_order":0,"comment_status":"closed","ping_status":"closed","template":"wp-custom-template-legal-template","meta":{"_acf_changed":false,"footnotes":""},"class_list":["post-10423","page","type-page","status-publish","hentry"],"acf":[],"yoast_head":"<!-- This site is optimized with the Yoast SEO plugin v26.6 - https:\/\/yoast.com\/wordpress\/plugins\/seo\/ -->\n<title>Imprint - Kompetenznetz Multiple Sklerose<\/title>\n<meta name=\"robots\" content=\"index, follow, max-snippet:-1, max-image-preview:large, max-video-preview:-1\" \/>\n<link rel=\"canonical\" href=\"https:\/\/www.kompetenznetz-multiplesklerose.de\/en\/imprint\/\" \/>\n<meta property=\"og:locale\" content=\"en_US\" \/>\n<meta property=\"og:type\" content=\"article\" \/>\n<meta property=\"og:title\" content=\"Imprint - Kompetenznetz Multiple Sklerose\" \/>\n<meta property=\"og:description\" content=\"Publisher Krankheitsbezogenes Kompetenznetz Multiple Sklerose e.V.Head office: KKNMS e. V.M\u00fcnster University HospitalNiels-Stensen-Str. 1248149 M\u00fcnsterE-mail: info@kkn-ms.de KKNMS e.V.Munich Local Court VR 203073 ResponsibleProf. Dr. Ralf Linker, Regensburg (Spokesman of the Executive Board) Head of the officeDr. Zo\u00eb Hunter Designdietrabanten, B\u00fcro f\u00fcr Kommunikationsdesign, Asamstr. 8, 81541 MunichInternet: www.dietrabanten.de RealizationWOOMERA Web &amp; Video, Urbanstr. 174, 10961 BerlinInternet: www.woomera.de [&hellip;]\" \/>\n<meta property=\"og:url\" content=\"https:\/\/www.kompetenznetz-multiplesklerose.de\/en\/imprint\/\" \/>\n<meta property=\"og:site_name\" content=\"Kompetenznetz Multiple Sklerose\" \/>\n<meta property=\"article:modified_time\" content=\"2025-12-16T09:13:17+00:00\" \/>\n<meta name=\"twitter:card\" content=\"summary_large_image\" \/>\n<meta name=\"twitter:label1\" content=\"Est. reading time\" \/>\n\t<meta name=\"twitter:data1\" content=\"5 minutes\" \/>\n<script type=\"application\/ld+json\" class=\"yoast-schema-graph\">{\"@context\":\"https:\/\/schema.org\",\"@graph\":[{\"@type\":\"WebPage\",\"@id\":\"https:\/\/www.kompetenznetz-multiplesklerose.de\/en\/imprint\/\",\"url\":\"https:\/\/www.kompetenznetz-multiplesklerose.de\/en\/imprint\/\",\"name\":\"Imprint - Kompetenznetz Multiple Sklerose\",\"isPartOf\":{\"@id\":\"https:\/\/www.kompetenznetz-multiplesklerose.de\/en\/#website\"},\"datePublished\":\"2023-11-02T15:41:07+00:00\",\"dateModified\":\"2025-12-16T09:13:17+00:00\",\"breadcrumb\":{\"@id\":\"https:\/\/www.kompetenznetz-multiplesklerose.de\/en\/imprint\/#breadcrumb\"},\"inLanguage\":\"en-US\",\"potentialAction\":[{\"@type\":\"ReadAction\",\"target\":[\"https:\/\/www.kompetenznetz-multiplesklerose.de\/en\/imprint\/\"]}]},{\"@type\":\"BreadcrumbList\",\"@id\":\"https:\/\/www.kompetenznetz-multiplesklerose.de\/en\/imprint\/#breadcrumb\",\"itemListElement\":[{\"@type\":\"ListItem\",\"position\":1,\"name\":\"Startseite\",\"item\":\"https:\/\/www.kompetenznetz-multiplesklerose.de\/en\/\"},{\"@type\":\"ListItem\",\"position\":2,\"name\":\"Imprint\"}]},{\"@type\":\"WebSite\",\"@id\":\"https:\/\/www.kompetenznetz-multiplesklerose.de\/en\/#website\",\"url\":\"https:\/\/www.kompetenznetz-multiplesklerose.de\/en\/\",\"name\":\"Kompetenznetz Multiple Sklerose\",\"description\":\"\",\"publisher\":{\"@id\":\"https:\/\/www.kompetenznetz-multiplesklerose.de\/en\/#organization\"},\"potentialAction\":[{\"@type\":\"SearchAction\",\"target\":{\"@type\":\"EntryPoint\",\"urlTemplate\":\"https:\/\/www.kompetenznetz-multiplesklerose.de\/en\/?s={search_term_string}\"},\"query-input\":{\"@type\":\"PropertyValueSpecification\",\"valueRequired\":true,\"valueName\":\"search_term_string\"}}],\"inLanguage\":\"en-US\"},{\"@type\":\"Organization\",\"@id\":\"https:\/\/www.kompetenznetz-multiplesklerose.de\/en\/#organization\",\"name\":\"Kompetenznetz Multiple Sklerose\",\"url\":\"https:\/\/www.kompetenznetz-multiplesklerose.de\/en\/\",\"logo\":{\"@type\":\"ImageObject\",\"inLanguage\":\"en-US\",\"@id\":\"https:\/\/www.kompetenznetz-multiplesklerose.de\/en\/#\/schema\/logo\/image\/\",\"url\":\"https:\/\/www.kompetenznetz-multiplesklerose.de\/wp-content\/uploads\/2023\/12\/KKNMS-Logo.svg\",\"contentUrl\":\"https:\/\/www.kompetenznetz-multiplesklerose.de\/wp-content\/uploads\/2023\/12\/KKNMS-Logo.svg\",\"caption\":\"Kompetenznetz Multiple Sklerose\"},\"image\":{\"@id\":\"https:\/\/www.kompetenznetz-multiplesklerose.de\/en\/#\/schema\/logo\/image\/\"},\"sameAs\":[\"https:\/\/www.linkedin.com\/company\/kknms-e-v\/\"]}]}<\/script>\n<!-- \/ Yoast SEO plugin. -->","yoast_head_json":{"title":"Imprint - Kompetenznetz Multiple Sklerose","robots":{"index":"index","follow":"follow","max-snippet":"max-snippet:-1","max-image-preview":"max-image-preview:large","max-video-preview":"max-video-preview:-1"},"canonical":"https:\/\/www.kompetenznetz-multiplesklerose.de\/en\/imprint\/","og_locale":"en_US","og_type":"article","og_title":"Imprint - Kompetenznetz Multiple Sklerose","og_description":"Publisher Krankheitsbezogenes Kompetenznetz Multiple Sklerose e.V.Head office: KKNMS e. V.M\u00fcnster University HospitalNiels-Stensen-Str. 1248149 M\u00fcnsterE-mail: info@kkn-ms.de KKNMS e.V.Munich Local Court VR 203073 ResponsibleProf. Dr. Ralf Linker, Regensburg (Spokesman of the Executive Board) Head of the officeDr. Zo\u00eb Hunter Designdietrabanten, B\u00fcro f\u00fcr Kommunikationsdesign, Asamstr. 8, 81541 MunichInternet: www.dietrabanten.de RealizationWOOMERA Web &amp; Video, Urbanstr. 174, 10961 BerlinInternet: www.woomera.de [&hellip;]","og_url":"https:\/\/www.kompetenznetz-multiplesklerose.de\/en\/imprint\/","og_site_name":"Kompetenznetz Multiple Sklerose","article_modified_time":"2025-12-16T09:13:17+00:00","twitter_card":"summary_large_image","twitter_misc":{"Est. reading time":"5 minutes"},"schema":{"@context":"https:\/\/schema.org","@graph":[{"@type":"WebPage","@id":"https:\/\/www.kompetenznetz-multiplesklerose.de\/en\/imprint\/","url":"https:\/\/www.kompetenznetz-multiplesklerose.de\/en\/imprint\/","name":"Imprint - Kompetenznetz Multiple Sklerose","isPartOf":{"@id":"https:\/\/www.kompetenznetz-multiplesklerose.de\/en\/#website"},"datePublished":"2023-11-02T15:41:07+00:00","dateModified":"2025-12-16T09:13:17+00:00","breadcrumb":{"@id":"https:\/\/www.kompetenznetz-multiplesklerose.de\/en\/imprint\/#breadcrumb"},"inLanguage":"en-US","potentialAction":[{"@type":"ReadAction","target":["https:\/\/www.kompetenznetz-multiplesklerose.de\/en\/imprint\/"]}]},{"@type":"BreadcrumbList","@id":"https:\/\/www.kompetenznetz-multiplesklerose.de\/en\/imprint\/#breadcrumb","itemListElement":[{"@type":"ListItem","position":1,"name":"Startseite","item":"https:\/\/www.kompetenznetz-multiplesklerose.de\/en\/"},{"@type":"ListItem","position":2,"name":"Imprint"}]},{"@type":"WebSite","@id":"https:\/\/www.kompetenznetz-multiplesklerose.de\/en\/#website","url":"https:\/\/www.kompetenznetz-multiplesklerose.de\/en\/","name":"Kompetenznetz Multiple Sklerose","description":"","publisher":{"@id":"https:\/\/www.kompetenznetz-multiplesklerose.de\/en\/#organization"},"potentialAction":[{"@type":"SearchAction","target":{"@type":"EntryPoint","urlTemplate":"https:\/\/www.kompetenznetz-multiplesklerose.de\/en\/?s={search_term_string}"},"query-input":{"@type":"PropertyValueSpecification","valueRequired":true,"valueName":"search_term_string"}}],"inLanguage":"en-US"},{"@type":"Organization","@id":"https:\/\/www.kompetenznetz-multiplesklerose.de\/en\/#organization","name":"Kompetenznetz Multiple Sklerose","url":"https:\/\/www.kompetenznetz-multiplesklerose.de\/en\/","logo":{"@type":"ImageObject","inLanguage":"en-US","@id":"https:\/\/www.kompetenznetz-multiplesklerose.de\/en\/#\/schema\/logo\/image\/","url":"https:\/\/www.kompetenznetz-multiplesklerose.de\/wp-content\/uploads\/2023\/12\/KKNMS-Logo.svg","contentUrl":"https:\/\/www.kompetenznetz-multiplesklerose.de\/wp-content\/uploads\/2023\/12\/KKNMS-Logo.svg","caption":"Kompetenznetz Multiple Sklerose"},"image":{"@id":"https:\/\/www.kompetenznetz-multiplesklerose.de\/en\/#\/schema\/logo\/image\/"},"sameAs":["https:\/\/www.linkedin.com\/company\/kknms-e-v\/"]}]}},"_links":{"self":[{"href":"https:\/\/www.kompetenznetz-multiplesklerose.de\/en\/wp-json\/wp\/v2\/pages\/10423","targetHints":{"allow":["GET"]}}],"collection":[{"href":"https:\/\/www.kompetenznetz-multiplesklerose.de\/en\/wp-json\/wp\/v2\/pages"}],"about":[{"href":"https:\/\/www.kompetenznetz-multiplesklerose.de\/en\/wp-json\/wp\/v2\/types\/page"}],"author":[{"embeddable":true,"href":"https:\/\/www.kompetenznetz-multiplesklerose.de\/en\/wp-json\/wp\/v2\/users\/1"}],"replies":[{"embeddable":true,"href":"https:\/\/www.kompetenznetz-multiplesklerose.de\/en\/wp-json\/wp\/v2\/comments?post=10423"}],"version-history":[{"count":2,"href":"https:\/\/www.kompetenznetz-multiplesklerose.de\/en\/wp-json\/wp\/v2\/pages\/10423\/revisions"}],"predecessor-version":[{"id":11903,"href":"https:\/\/www.kompetenznetz-multiplesklerose.de\/en\/wp-json\/wp\/v2\/pages\/10423\/revisions\/11903"}],"wp:attachment":[{"href":"https:\/\/www.kompetenznetz-multiplesklerose.de\/en\/wp-json\/wp\/v2\/media?parent=10423"}],"curies":[{"name":"wp","href":"https:\/\/api.w.org\/{rel}","templated":true}]}}